{"id":45593,"date":"2023-09-09T16:34:35","date_gmt":"2023-09-09T14:34:35","guid":{"rendered":"https:\/\/realtyspain.es\/?page_id=45593"},"modified":"2023-09-09T16:42:03","modified_gmt":"2023-09-09T14:42:03","slug":"uslovija-ispolzovanija","status":"publish","type":"page","link":"https:\/\/realtyspain.es\/es\/uslovija-ispolzovanija\/","title":{"rendered":"Condiciones de uso"},"content":{"rendered":"<div data-elementor-type=\"wp-page\" data-elementor-id=\"45593\" class=\"elementor elementor-45593\">\n\t\t\t\t\t\t<section class=\"elementor-section elementor-top-section elementor-element elementor-element-5536b394 elementor-section-boxed elementor-section-height-default elementor-section-height-default\" data-id=\"5536b394\" data-element_type=\"section\" data-e-type=\"section\">\n\t\t\t\t\t\t<div class=\"elementor-container elementor-column-gap-default\">\n\t\t\t\t\t<div class=\"elementor-column elementor-col-100 elementor-top-column elementor-element elementor-element-3c78058e\" data-id=\"3c78058e\" data-element_type=\"column\" data-e-type=\"column\">\n\t\t\t<div class=\"elementor-widget-wrap elementor-element-populated\">\n\t\t\t\t\t\t<div class=\"elementor-element elementor-element-69c9f003 elementor-widget elementor-widget-text-editor\" data-id=\"69c9f003\" data-element_type=\"widget\" data-e-type=\"widget\" data-widget_type=\"text-editor.default\">\n\t\t\t\t<div class=\"elementor-widget-container\">\n\t\t\t\t\t\t\t\t\t<p><br \/>Gracias por visitar nuestro sitio web. Al utilizar nuestro sitio, usted reconoce haber le\u00eddo y aceptado nuestros t\u00e9rminos y condiciones. Estos t\u00e9rminos, as\u00ed como el uso de este sitio web, se rigen por la legislaci\u00f3n de Espa\u00f1a y est\u00e1n sujetos a la jurisdicci\u00f3n exclusiva de los tribunales espa\u00f1oles. Si no est\u00e1 de acuerdo con estas condiciones, no tiene derecho a utilizar este sitio web.<\/p><p>Puede imprimir y guardar una copia de estos t\u00e9rminos. Constituyen un acuerdo legal entre usted y Realty Spain en Espa\u00f1a, y solo pueden modificarse con nuestro consentimiento. Nos reservamos el derecho de cambiar los t\u00e9rminos a nuestra discreci\u00f3n, actualiz\u00e1ndolos en el Sitio.<\/p><p>Por favor, lea atentamente los t\u00e9rminos que se detallan a continuaci\u00f3n:<\/p><p>Informaci\u00f3n<br \/>La informaci\u00f3n sobre nuestros productos y servicios en el Sitio se proporciona \u00fanicamente con fines informativos generales, no tiene en cuenta las circunstancias personales y puede no reflejar los cambios recientes en la legislaci\u00f3n.<\/p><p>La informaci\u00f3n en el Sitio se refiere \u00fanicamente a las leyes de Espa\u00f1a.<\/p><p>Antes de tomar o abstenerse de tomar cualquier acci\u00f3n, se recomienda consultar con un especialista o con profesionales cualificados.<\/p><p>Descargo de responsabilidad y exclusi\u00f3n de responsabilidad<br \/>Aunque nos esforzamos por garantizar que la informaci\u00f3n en nuestro sitio web sea correcta y est\u00e9 actualizada, no podemos asumir responsabilidad por errores u omisiones. En particular, algunos art\u00edculos pueden estar desactualizados.<\/p><p>Excluimos, en la medida permitida por la ley, toda responsabilidad por p\u00e9rdidas o da\u00f1os, ya sean directos o indirectos, que resulten del uso de este Sitio web.<\/p><p>Todos nuestros productos en l\u00ednea se preparan en formato borrador y deben ser revisados antes de su firma.<\/p><p>El sitio web contiene enlaces a otros sitios que no son gestionados ni controlados por nosotros. Si utiliza dichos enlaces, abandonar\u00e1 nuestro Sitio web. Estos enlaces se proporcionan \u00fanicamente para su conveniencia y no constituyen una recomendaci\u00f3n de My Lawyer en Espa\u00f1a hacia las organizaciones anunciadas en los sitios vinculados, ni hacia sus productos o servicios. No tenemos ning\u00fan control sobre dichos sitios vinculados ni sobre su contenido, y no podemos aceptar ninguna responsabilidad por ellos.<\/p><p>No asumimos ninguna responsabilidad por p\u00e9rdidas o da\u00f1os causados por un ataque distribuido de denegaci\u00f3n de servicio (DDoS), virus u otros materiales tecnol\u00f3gicamente da\u00f1inos que puedan infectar su equipo inform\u00e1tico, programas, datos u otros materiales protegidos como resultado del uso de este Sitio web.<\/p><p>Propiedad intelectual<br \/>Los derechos de propiedad intelectual sobre todo el material del Sitio web (incluidos, entre otros, los textos, borradores de documentos, im\u00e1genes y art\u00edculos) pertenecen a My Lawyer en Espa\u00f1a, salvo que se indique lo contrario, y su uso por parte del usuario est\u00e1 limitado seg\u00fan se detalla a continuaci\u00f3n.<\/p><p>Puede crear enlaces hacia el Sitio web, pero no debe incrustarlo en ning\u00fan otro sitio ni crear enlaces a ninguna parte del Sitio web distinta de la p\u00e1gina de inicio sin nuestro consentimiento previo por escrito.<\/p>\t\t\t\t\t\t\t\t<\/div>\n\t\t\t\t<\/div>\n\t\t\t\t\t<\/div>\n\t\t<\/div>\n\t\t\t\t\t<\/div>\n\t\t<\/section>\n\t\t\t\t<\/div>","protected":false},"excerpt":{"rendered":"<p>\u0411\u043b\u0430\u0433\u043e\u0434\u0430\u0440\u0438\u043c \u0412\u0430\u0441 \u0437\u0430 \u043f\u043e\u0441\u0435\u0449\u0435\u043d\u0438\u0435 \u043d\u0430\u0448\u0435\u0433\u043e \u0441\u0430\u0439\u0442\u0430. \u0415\u0441\u043b\u0438 \u0432\u044b \u0438\u0441\u043f\u043e\u043b\u044c\u0437\u0443\u0435\u0442\u0435 \u043d\u0430\u0448 \u0432\u0435\u0431-\u0441\u0430\u0439\u0442, \u0432\u044b \u0441\u043e\u0433\u043b\u0430\u0448\u0430\u0435\u0442\u0435\u0441\u044c, \u0447\u0442\u043e \u043f\u0440\u043e\u0447\u0438\u0442\u0430\u043b\u0438 \u043d\u0430\u0448\u0438 \u0443\u0441\u043b\u043e\u0432\u0438\u044f \u0438 \u0441\u043e\u0433\u043b\u0430\u0441\u043d\u044b \u0441 \u043d\u0438\u043c\u0438. \u041d\u0430\u0441\u0442\u043e\u044f\u0449\u0438\u0435 \u043f\u043e\u043b\u043e\u0436\u0435\u043d\u0438\u044f \u0438 \u0443\u0441\u043b\u043e\u0432\u0438\u044f, \u0430 \u0442\u0430\u043a\u0436\u0435 \u0438\u0441\u043f\u043e\u043b\u044c\u0437\u043e\u0432\u0430\u043d\u0438\u0435 \u0432\u0430\u043c\u0438 \u0434\u0430\u043d\u043d\u043e\u0433\u043e \u0432\u0435\u0431-\u0441\u0430\u0439\u0442\u0430 \u0440\u0435\u0433\u0443\u043b\u0438\u0440\u0443\u044e\u0442\u0441\u044f \u0437\u0430\u043a\u043e\u043d\u043e\u0434\u0430\u0442\u0435\u043b\u044c\u0441\u0442\u0432\u043e\u043c \u0418\u0441\u043f\u0430\u043d\u0438\u0438 \u0438 \u043f\u043e\u0434\u043b\u0435\u0436\u0430\u0442 \u0438\u0441\u043a\u043b\u044e\u0447\u0438\u0442\u0435\u043b\u044c\u043d\u043e\u0439 \u044e\u0440\u0438\u0441\u0434\u0438\u043a\u0446\u0438\u0438 \u0438\u0441\u043f\u0430\u043d\u0441\u043a\u0438\u0445 \u0441\u0443\u0434\u043e\u0432. \u0415\u0441\u043b\u0438 \u0432\u044b \u043d\u0435 \u0441\u043e\u0433\u043b\u0430\u0441\u043d\u044b \u0441 \u044d\u0442\u0438\u043c\u0438 \u0443\u0441\u043b\u043e\u0432\u0438\u044f\u043c\u0438, \u0432\u044b \u043d\u0435 \u0438\u043c\u0435\u0435\u0442\u0435 \u043f\u0440\u0430\u0432\u0430 \u0438\u0441\u043f\u043e\u043b\u044c\u0437\u043e\u0432\u0430\u0442\u044c \u044d\u0442\u043e\u0442 \u0412\u0435\u0431-\u0441\u0430\u0439\u0442. \u0412\u044b [&hellip;]<\/p>\n","protected":false},"author":1,"featured_media":0,"parent":0,"menu_order":0,"comment_status":"closed","ping_status":"closed","template":"","meta":{"_monsterinsights_skip_tracking":false,"_monsterinsights_sitenote_active":false,"_monsterinsights_sitenote_note":"","_monsterinsights_sitenote_category":0,"footnotes":""},"class_list":["post-45593","page","type-page","status-publish","hentry"],"aioseo_notices":[],"_links":{"self":[{"href":"https:\/\/realtyspain.es\/es\/wp-json\/wp\/v2\/pages\/45593","targetHints":{"allow":["GET"]}}],"collection":[{"href":"https:\/\/realtyspain.es\/es\/wp-json\/wp\/v2\/pages"}],"about":[{"href":"https:\/\/realtyspain.es\/es\/wp-json\/wp\/v2\/types\/page"}],"author":[{"embeddable":true,"href":"https:\/\/realtyspain.es\/es\/wp-json\/wp\/v2\/users\/1"}],"replies":[{"embeddable":true,"href":"https:\/\/realtyspain.es\/es\/wp-json\/wp\/v2\/comments?post=45593"}],"version-history":[{"count":5,"href":"https:\/\/realtyspain.es\/es\/wp-json\/wp\/v2\/pages\/45593\/revisions"}],"predecessor-version":[{"id":45600,"href":"https:\/\/realtyspain.es\/es\/wp-json\/wp\/v2\/pages\/45593\/revisions\/45600"}],"wp:attachment":[{"href":"https:\/\/realtyspain.es\/es\/wp-json\/wp\/v2\/media?parent=45593"}],"curies":[{"name":"wp","href":"https:\/\/api.w.org\/{rel}","templated":true}]}}